{"id":2247,"date":"2026-04-20T18:56:13","date_gmt":"2026-04-20T10:56:13","guid":{"rendered":"https:\/\/brumateusa.com\/?post_type=product&#038;p=2247"},"modified":"2026-04-20T18:59:13","modified_gmt":"2026-04-20T10:59:13","slug":"bottle-tumbler-cleaning-essentials-bundle","status":"publish","type":"product","link":"https:\/\/brumateusa.com\/index.php\/product\/bottle-tumbler-cleaning-essentials-bundle\/","title":{"rendered":"Bottle + Tumbler Cleaning Essentials Bundle"},"content":{"rendered":"<div data-content-type=\"row\" data-appearance=\"contained\" data-element=\"main\">\n<div data-enable-parallax=\"0\" data-parallax-speed=\"0.5\" data-background-images=\"{}\" data-element=\"inner\" data-pb-style=\"6139C7CC5E078\">\n<div data-content-type=\"html\" data-appearance=\"default\" data-element=\"main\" data-pb-style=\"6139C7CC5E08D\" data-decoded=\"true\">\n<p>Clean all of your favorite Br\u00fcMate&#8217;s\u00a0with our Bottle &amp; Tumbler Cleaning Essentials, featuring\u00a0our Br\u00fcBrush with 2 cleaning heads and our all-natural VooBr\u00fc cleaning tablets. Compatible with all Br\u00fcMate products.\u00a0<\/p>\n<p>\u00a0<\/p>\n<p><meta charset=\"utf-8\"><em data-mce-fragment=\"1\">Bundles &amp;<span data-mce-fragment=\"1\">\u00a0<\/span>Sets are not eligible for additional discounts.<\/em><\/p>\n<\/p><\/div>\n<\/p><\/div>\n<\/p><\/div>\n","protected":false},"excerpt":{"rendered":"<p>Clean all of your favorite Br\u00fcMate&#8217;s\u00a0with our Bottle &amp; Tumbler Cleaning Essentials, featuring\u00a0our Br\u00fcBrush with 2 cleaning heads and our all-natural VooBr\u00fc cleaning tablets. Compatible with all Br\u00fcMate products.\u00a0 \u00a0 Bundles &amp;\u00a0Sets are not eligible for additional discounts.<\/p>\n","protected":false},"featured_media":2311,"comment_status":"closed","ping_status":"closed","template":"","meta":[],"product_brand":[],"product_cat":[15],"product_tag":[16,106,725,290,297,24],"class_list":{"0":"post-2247","1":"product","2":"type-product","3":"status-publish","4":"has-post-thumbnail","6":"product_cat-uncategorized","7":"product_tag-accessories","8":"product_tag-ds","9":"product_tag-drinkware-bundle-new","10":"product_tag-holiday-gifts","11":"product_tag-new-release","12":"product_tag-typeaccessories-lids","14":"first","15":"instock","16":"sale","17":"shipping-taxable","18":"purchasable","19":"product-type-simple"},"_links":{"self":[{"href":"https:\/\/brumateusa.com\/index.php\/wp-json\/wp\/v2\/product\/2247","targetHints":{"allow":["GET"]}}],"collection":[{"href":"https:\/\/brumateusa.com\/index.php\/wp-json\/wp\/v2\/product"}],"about":[{"href":"https:\/\/brumateusa.com\/index.php\/wp-json\/wp\/v2\/types\/product"}],"replies":[{"embeddable":true,"href":"https:\/\/brumateusa.com\/index.php\/wp-json\/wp\/v2\/comments?post=2247"}],"wp:featuredmedia":[{"embeddable":true,"href":"https:\/\/brumateusa.com\/index.php\/wp-json\/wp\/v2\/media\/2311"}],"wp:attachment":[{"href":"https:\/\/brumateusa.com\/index.php\/wp-json\/wp\/v2\/media?parent=2247"}],"wp:term":[{"taxonomy":"product_brand","embeddable":true,"href":"https:\/\/brumateusa.com\/index.php\/wp-json\/wp\/v2\/product_brand?post=2247"},{"taxonomy":"product_cat","embeddable":true,"href":"https:\/\/brumateusa.com\/index.php\/wp-json\/wp\/v2\/product_cat?post=2247"},{"taxonomy":"product_tag","embeddable":true,"href":"https:\/\/brumateusa.com\/index.php\/wp-json\/wp\/v2\/product_tag?post=2247"}],"curies":[{"name":"wp","href":"https:\/\/api.w.org\/{rel}","templated":true}]}}