{"id":2640,"date":"2026-04-20T19:12:06","date_gmt":"2026-04-20T11:12:06","guid":{"rendered":"https:\/\/brumateusa.com\/?post_type=product&#038;p=2640"},"modified":"2026-04-20T19:15:59","modified_gmt":"2026-04-20T11:15:59","slug":"spout-cover-replacement","status":"publish","type":"product","link":"https:\/\/brumateusa.com\/index.php\/product\/spout-cover-replacement\/","title":{"rendered":"Spout Cover Replacement"},"content":{"rendered":"<p>Keep dirt and debris off of your spout while transporting your Br\u00fcMate coolers. Compatible with both the Br\u00fcTank and BackTap &#8211; <span style=\"text-decoration: underline;\"><strong>included with the Br\u00fcTank.\u00a0<\/strong><\/span><\/p>\n","protected":false},"excerpt":{"rendered":"<p>Keep dirt and debris off of your spout while transporting your Br\u00fcMate coolers. Compatible with both the Br\u00fcTank and BackTap &#8211; included with the Br\u00fcTank.\u00a0<\/p>\n","protected":false},"featured_media":2748,"comment_status":"closed","ping_status":"closed","template":"","meta":[],"product_brand":[],"product_cat":[15],"product_tag":[16,793,99,104,106,299,291,24],"class_list":{"0":"post-2640","1":"product","2":"type-product","3":"status-publish","4":"has-post-thumbnail","6":"product_cat-uncategorized","7":"product_tag-accessories","8":"product_tag-backtap","9":"product_tag-brutank","10":"product_tag-coolers","11":"product_tag-ds","12":"product_tag-no-markdown","13":"product_tag-sports","14":"product_tag-typeaccessories-lids","16":"first","17":"instock","18":"shipping-taxable","19":"purchasable","20":"product-type-simple"},"_links":{"self":[{"href":"https:\/\/brumateusa.com\/index.php\/wp-json\/wp\/v2\/product\/2640","targetHints":{"allow":["GET"]}}],"collection":[{"href":"https:\/\/brumateusa.com\/index.php\/wp-json\/wp\/v2\/product"}],"about":[{"href":"https:\/\/brumateusa.com\/index.php\/wp-json\/wp\/v2\/types\/product"}],"replies":[{"embeddable":true,"href":"https:\/\/brumateusa.com\/index.php\/wp-json\/wp\/v2\/comments?post=2640"}],"wp:featuredmedia":[{"embeddable":true,"href":"https:\/\/brumateusa.com\/index.php\/wp-json\/wp\/v2\/media\/2748"}],"wp:attachment":[{"href":"https:\/\/brumateusa.com\/index.php\/wp-json\/wp\/v2\/media?parent=2640"}],"wp:term":[{"taxonomy":"product_brand","embeddable":true,"href":"https:\/\/brumateusa.com\/index.php\/wp-json\/wp\/v2\/product_brand?post=2640"},{"taxonomy":"product_cat","embeddable":true,"href":"https:\/\/brumateusa.com\/index.php\/wp-json\/wp\/v2\/product_cat?post=2640"},{"taxonomy":"product_tag","embeddable":true,"href":"https:\/\/brumateusa.com\/index.php\/wp-json\/wp\/v2\/product_tag?post=2640"}],"curies":[{"name":"wp","href":"https:\/\/api.w.org\/{rel}","templated":true}]}}